{"id":4650,"date":"2018-05-30T13:41:41","date_gmt":"2018-05-30T11:41:41","guid":{"rendered":"https:\/\/www.quiks.nl\/all-about-potatoes\/certificaten\/"},"modified":"2026-04-07T09:15:27","modified_gmt":"2026-04-07T07:15:27","slug":"certificats","status":"publish","type":"page","link":"https:\/\/www.quiks.nl\/fr\/all-about-potatoes\/certificats\/","title":{"rendered":"Certificats"},"content":{"rendered":"<h1>Certificats<\/h1>\n<p>Choisir Quik&rsquo;s, c&rsquo;est opter pour une qualit\u00e9 \u00e9lev\u00e9e et constante. Nous travaillons avec des producteurs s\u00e9rieusement s\u00e9lectionn\u00e9s, de sorte que nous savons exactement par qui, comment et o\u00f9 les pommes de terre ont \u00e9t\u00e9 cultiv\u00e9es. De plus, chez Quik&rsquo;sPotatoProducts, nous utilisons toute l\u2019ann\u00e9e une seule vari\u00e9t\u00e9 de pomme de terre, afin qu&rsquo;il n&rsquo;y ait pas de grandes diff\u00e9rences de go\u00fbt et de couleur. Notre propre d\u00e9partement de R&amp;D assure le d\u00e9veloppement et l&rsquo;am\u00e9lioration de produit. Nous travaillons conform\u00e9ment aux normes les plus strictes (BRC, SKAL, IFS, GMP), afin de pouvoir faire \u00e0 nos clients de vente au d\u00e9tail, restauration et industrie alimentaire, une promesse claire: nos produits sont tellement bons qu&rsquo;on en veut toujours plus, mais en plus, ils r\u00e9pondent aux plus strictes exigences de qualit\u00e9.<\/p>\n<p>&nbsp;<\/p>\n<h3><strong>Quik&rsquo;s Verse Aardappelen<\/strong><\/h3>\n\n\t\t<style type=\"text\/css\">\n\t\t\t#gallery-2 {\n\t\t\t\tmargin: auto;\n\t\t\t}\n\t\t\t#gallery-2 .gallery-item {\n\t\t\t\tfloat: left;\n\t\t\t\tmargin-top: 10px;\n\t\t\t\ttext-align: center;\n\t\t\t\twidth: 33%;\n\t\t\t}\n\t\t\t#gallery-2 img {\n\t\t\t\tborder: 2px solid #cfcfcf;\n\t\t\t}\n\t\t\t#gallery-2 .gallery-caption {\n\t\t\t\tmargin-left: 0;\n\t\t\t}\n\t\t\t\/* see gallery_shortcode() in wp-includes\/media.php *\/\n\t\t<\/style>\n\t\t<div id='gallery-2' class='gallery galleryid-4650 gallery-columns-3 gallery-size-thumbnail'><dl class='gallery-item'>\n\t\t\t<dt class='gallery-icon portrait'>\n\t\t\t\t<a href=\"https:\/\/www.quiks.nl\/wp-content\/uploads\/2026\/01\/doc03975620260114122717.pdf\" class=\"no-lightbox\"><img loading=\"lazy\" decoding=\"async\" width=\"150\" height=\"150\" src=\"https:\/\/www.quiks.nl\/wp-content\/uploads\/2026\/01\/doc03975620260114122717-150x150.png\" class=\"attachment-thumbnail size-thumbnail\" alt=\"\" aria-describedby=\"gallery-2-17081\" \/><\/a>\n\t\t\t<\/dt>\n\t\t\t\t<dd class='wp-caption-text gallery-caption' id='gallery-2-17081'>\n\t\t\t\tCertificat NAO\n\t\t\t\t<\/dd><\/dl><dl class='gallery-item'>\n\t\t\t<dt class='gallery-icon portrait'>\n\t\t\t\t<a href=\"https:\/\/www.quiks.nl\/wp-content\/uploads\/2025\/07\/Quiks-Verse-Aardappelen-B.V._FINAL-certificate-2024.pdf\" class=\"no-lightbox\"><img loading=\"lazy\" decoding=\"async\" width=\"150\" height=\"150\" src=\"https:\/\/www.quiks.nl\/wp-content\/uploads\/2025\/07\/GMP-certificaat-QVA-150x150.png\" class=\"attachment-thumbnail size-thumbnail\" alt=\"\" aria-describedby=\"gallery-2-16833\" \/><\/a>\n\t\t\t<\/dt>\n\t\t\t\t<dd class='wp-caption-text gallery-caption' id='gallery-2-16833'>\n\t\t\t\tGMP+ Certificat\n\t\t\t\t<\/dd><\/dl><dl class='gallery-item'>\n\t\t\t<dt class='gallery-icon portrait'>\n\t\t\t\t<a href=\"https:\/\/www.quiks.nl\/wp-content\/uploads\/2025\/07\/GobalGAP-Chain-of-Custody-geldig-tot-31-juli-2026-1.pdf\" class=\"no-lightbox\"><img loading=\"lazy\" decoding=\"async\" width=\"150\" height=\"150\" src=\"https:\/\/www.quiks.nl\/wp-content\/uploads\/2025\/07\/GobalGAP-Chain-of-Custody-geldig-tot-31-juli-2026-150x150.png\" class=\"attachment-thumbnail size-thumbnail\" alt=\"\" aria-describedby=\"gallery-2-16877\" \/><\/a>\n\t\t\t<\/dt>\n\t\t\t\t<dd class='wp-caption-text gallery-caption' id='gallery-2-16877'>\n\t\t\t\tGlobal Gap\n\t\t\t\t<\/dd><\/dl><br style=\"clear: both\" \/><dl class='gallery-item'>\n\t\t\t<dt class='gallery-icon portrait'>\n\t\t\t\t<a href=\"https:\/\/www.quiks.nl\/wp-content\/uploads\/2026\/04\/doc04047320260407080233.pdf\" class=\"no-lightbox\"><img loading=\"lazy\" decoding=\"async\" width=\"150\" height=\"150\" src=\"https:\/\/www.quiks.nl\/wp-content\/uploads\/2026\/04\/doc04047320260407080233-150x150.png\" class=\"attachment-thumbnail size-thumbnail\" alt=\"\" aria-describedby=\"gallery-2-17225\" \/><\/a>\n\t\t\t<\/dt>\n\t\t\t\t<dd class='wp-caption-text gallery-caption' id='gallery-2-17225'>\n\t\t\t\tPlanet Proof Certificat\n\t\t\t\t<\/dd><\/dl><dl class='gallery-item'>\n\t\t\t<dt class='gallery-icon portrait'>\n\t\t\t\t<a href=\"https:\/\/www.quiks.nl\/wp-content\/uploads\/2026\/01\/Certificate-Quiks-Verse-Aardappelen-B.V.-IFS-Food-2025.pdf\" class=\"no-lightbox\"><img loading=\"lazy\" decoding=\"async\" width=\"150\" height=\"150\" src=\"https:\/\/www.quiks.nl\/wp-content\/uploads\/2026\/01\/Certificate-Quiks-Verse-Aardappelen-B.V.-IFS-Food-2025-150x150.jpg\" class=\"attachment-thumbnail size-thumbnail\" alt=\"\" aria-describedby=\"gallery-2-17068\" \/><\/a>\n\t\t\t<\/dt>\n\t\t\t\t<dd class='wp-caption-text gallery-caption' id='gallery-2-17068'>\n\t\t\t\tCertificat IFS \n\t\t\t\t<\/dd><\/dl><dl class='gallery-item'>\n\t\t\t<dt class='gallery-icon portrait'>\n\t\t\t\t<a href=\"https:\/\/www.quiks.nl\/wp-content\/uploads\/2025\/02\/NL-BIO-01.528-0003575.2025.001.pdf\" class=\"no-lightbox\"><img loading=\"lazy\" decoding=\"async\" width=\"150\" height=\"150\" src=\"https:\/\/www.quiks.nl\/wp-content\/uploads\/2025\/02\/NL-BIO-01.528-0003575.2025.001.pdf_Pagina_1-150x150.png\" class=\"attachment-thumbnail size-thumbnail\" alt=\"\" aria-describedby=\"gallery-2-16432\" srcset=\"https:\/\/www.quiks.nl\/wp-content\/uploads\/2025\/02\/NL-BIO-01.528-0003575.2025.001.pdf_Pagina_1-150x150.png 150w, https:\/\/www.quiks.nl\/wp-content\/uploads\/2025\/02\/NL-BIO-01.528-0003575.2025.001.pdf_Pagina_1-300x300.png 300w, https:\/\/www.quiks.nl\/wp-content\/uploads\/2025\/02\/NL-BIO-01.528-0003575.2025.001.pdf_Pagina_1-400x400.png 400w, https:\/\/www.quiks.nl\/wp-content\/uploads\/2025\/02\/NL-BIO-01.528-0003575.2025.001.pdf_Pagina_1-600x600.png 600w\" sizes=\"auto, (max-width: 150px) 100vw, 150px\" \/><\/a>\n\t\t\t<\/dt>\n\t\t\t\t<dd class='wp-caption-text gallery-caption' id='gallery-2-16432'>\n\t\t\t\tSKAL BIO\n\t\t\t\t<\/dd><\/dl><br style=\"clear: both\" \/>\n\t\t<\/div>\n\n<h3><\/h3>\n<h3><strong>Quik&rsquo;s Potato Products<\/strong><\/h3>\n\n\t\t<style type=\"text\/css\">\n\t\t\t#gallery-4 {\n\t\t\t\tmargin: auto;\n\t\t\t}\n\t\t\t#gallery-4 .gallery-item {\n\t\t\t\tfloat: left;\n\t\t\t\tmargin-top: 10px;\n\t\t\t\ttext-align: center;\n\t\t\t\twidth: 33%;\n\t\t\t}\n\t\t\t#gallery-4 img {\n\t\t\t\tborder: 2px solid #cfcfcf;\n\t\t\t}\n\t\t\t#gallery-4 .gallery-caption {\n\t\t\t\tmargin-left: 0;\n\t\t\t}\n\t\t\t\/* see gallery_shortcode() in wp-includes\/media.php *\/\n\t\t<\/style>\n\t\t<div id='gallery-4' class='gallery galleryid-4650 gallery-columns-3 gallery-size-thumbnail'><dl class='gallery-item'>\n\t\t\t<dt class='gallery-icon portrait'>\n\t\t\t\t<a href=\"https:\/\/www.quiks.nl\/wp-content\/uploads\/2025\/07\/Certificate-BRCGS-Food-Quiks-Potato-Products-B.V.-2025.pdf\" class=\"no-lightbox\"><img loading=\"lazy\" decoding=\"async\" width=\"150\" height=\"150\" src=\"https:\/\/www.quiks.nl\/wp-content\/uploads\/2025\/07\/BRC-certificaat--150x150.png\" class=\"attachment-thumbnail size-thumbnail\" alt=\"\" aria-describedby=\"gallery-4-16676\" \/><\/a>\n\t\t\t<\/dt>\n\t\t\t\t<dd class='wp-caption-text gallery-caption' id='gallery-4-16676'>\n\t\t\t\tCertificat BRC\n\t\t\t\t<\/dd><\/dl><dl class='gallery-item'>\n\t\t\t<dt class='gallery-icon portrait'>\n\t\t\t\t<a href=\"https:\/\/www.quiks.nl\/wp-content\/uploads\/2025\/07\/NLGMP_000026_Quiks-Potato-Products-B.V._Final-1.pdf\" class=\"no-lightbox\"><img loading=\"lazy\" decoding=\"async\" width=\"150\" height=\"150\" src=\"https:\/\/www.quiks.nl\/wp-content\/uploads\/2025\/07\/GMP-certificaat-QPP-150x150.png\" class=\"attachment-thumbnail size-thumbnail\" alt=\"\" aria-describedby=\"gallery-4-16693\" \/><\/a>\n\t\t\t<\/dt>\n\t\t\t\t<dd class='wp-caption-text gallery-caption' id='gallery-4-16693'>\n\t\t\t\tCertificat GMP+\n\t\t\t\t<\/dd><\/dl>\n\t\t\t<br style='clear: both' \/>\n\t\t<\/div>\n\n","protected":false},"excerpt":{"rendered":"<p>Certificats Choisir Quik&rsquo;s, c&rsquo;est opter pour une qualit\u00e9 \u00e9lev\u00e9e et constante. Nous travaillons avec des producteurs s\u00e9rieusement s\u00e9lectionn\u00e9s, de sorte que nous savons exactement par qui, comment et o\u00f9 les pommes de terre ont \u00e9t\u00e9 cultiv\u00e9es. De plus, chez Quik&rsquo;sPotatoProducts, nous utilisons toute l\u2019ann\u00e9e une seule vari\u00e9t\u00e9 de pomme de terre, afin qu&rsquo;il n&rsquo;y ait [&hellip;]<\/p>\n","protected":false},"author":2,"featured_media":0,"parent":4636,"menu_order":5,"comment_status":"closed","ping_status":"closed","template":"","meta":{"_acf_changed":false,"footnotes":""},"class_list":["post-4650","page","type-page","status-publish","hentry"],"acf":[],"yoast_head":"<!-- This site is optimized with the Yoast SEO plugin v27.4 - https:\/\/yoast.com\/product\/yoast-seo-wordpress\/ -->\n<title>Certificats - Quiks<\/title>\n<meta name=\"description\" content=\"Kiezen voor Quik\u2019s Quality Potatoes betekent kiezen voor constante hoge kwaliteit. Onze certificaten bewijzen dan ook dat onze aardappelen voldoen aan de hoogste kwaliteitseisen.\" \/>\n<meta name=\"robots\" content=\"index, follow, max-snippet:-1, max-image-preview:large, max-video-preview:-1\" \/>\n<link rel=\"canonical\" href=\"https:\/\/www.quiks.nl\/fr\/all-about-potatoes\/certificats\/\" \/>\n<meta property=\"og:locale\" content=\"fr_FR\" \/>\n<meta property=\"og:type\" content=\"article\" \/>\n<meta property=\"og:title\" content=\"Certificats - Quiks\" \/>\n<meta property=\"og:description\" content=\"Kiezen voor Quik\u2019s Quality Potatoes betekent kiezen voor constante hoge kwaliteit. Onze certificaten bewijzen dan ook dat onze aardappelen voldoen aan de hoogste kwaliteitseisen.\" \/>\n<meta property=\"og:url\" content=\"https:\/\/www.quiks.nl\/fr\/all-about-potatoes\/certificats\/\" \/>\n<meta property=\"og:site_name\" content=\"Quiks\" \/>\n<meta property=\"article:modified_time\" content=\"2026-04-07T07:15:27+00:00\" \/>\n<meta property=\"og:image\" content=\"https:\/\/www.quiks.nl\/wp-content\/uploads\/2026\/01\/doc03975620260114122717-150x150.png\" \/>\n<meta name=\"twitter:card\" content=\"summary_large_image\" \/>\n<meta name=\"twitter:label1\" content=\"Dur\u00e9e de lecture estim\u00e9e\" \/>\n\t<meta name=\"twitter:data1\" content=\"1 minute\" \/>\n<script type=\"application\/ld+json\" class=\"yoast-schema-graph\">{\"@context\":\"https:\\\/\\\/schema.org\",\"@graph\":[{\"@type\":\"WebPage\",\"@id\":\"https:\\\/\\\/www.quiks.nl\\\/fr\\\/all-about-potatoes\\\/certificats\\\/\",\"url\":\"https:\\\/\\\/www.quiks.nl\\\/fr\\\/all-about-potatoes\\\/certificats\\\/\",\"name\":\"Certificats - Quiks\",\"isPartOf\":{\"@id\":\"https:\\\/\\\/www.quiks.nl\\\/fr\\\/#website\"},\"datePublished\":\"2018-05-30T11:41:41+00:00\",\"dateModified\":\"2026-04-07T07:15:27+00:00\",\"description\":\"Kiezen voor Quik\u2019s Quality Potatoes betekent kiezen voor constante hoge kwaliteit. Onze certificaten bewijzen dan ook dat onze aardappelen voldoen aan de hoogste kwaliteitseisen.\",\"breadcrumb\":{\"@id\":\"https:\\\/\\\/www.quiks.nl\\\/fr\\\/all-about-potatoes\\\/certificats\\\/#breadcrumb\"},\"inLanguage\":\"fr-FR\",\"potentialAction\":[{\"@type\":\"ReadAction\",\"target\":[\"https:\\\/\\\/www.quiks.nl\\\/fr\\\/all-about-potatoes\\\/certificats\\\/\"]}]},{\"@type\":\"BreadcrumbList\",\"@id\":\"https:\\\/\\\/www.quiks.nl\\\/fr\\\/all-about-potatoes\\\/certificats\\\/#breadcrumb\",\"itemListElement\":[{\"@type\":\"ListItem\",\"position\":1,\"name\":\"Home\",\"item\":\"https:\\\/\\\/www.quiks.nl\\\/fr\\\/\"},{\"@type\":\"ListItem\",\"position\":2,\"name\":\"All about potatoes\",\"item\":\"https:\\\/\\\/www.quiks.nl\\\/fr\\\/all-about-potatoes\\\/\"},{\"@type\":\"ListItem\",\"position\":3,\"name\":\"Certificats\"}]},{\"@type\":\"WebSite\",\"@id\":\"https:\\\/\\\/www.quiks.nl\\\/fr\\\/#website\",\"url\":\"https:\\\/\\\/www.quiks.nl\\\/fr\\\/\",\"name\":\"Quiks\",\"description\":\"Quik&#039;s Quality Potatoes\",\"potentialAction\":[{\"@type\":\"SearchAction\",\"target\":{\"@type\":\"EntryPoint\",\"urlTemplate\":\"https:\\\/\\\/www.quiks.nl\\\/fr\\\/?s={search_term_string}\"},\"query-input\":{\"@type\":\"PropertyValueSpecification\",\"valueRequired\":true,\"valueName\":\"search_term_string\"}}],\"inLanguage\":\"fr-FR\"}]}<\/script>\n<!-- \/ Yoast SEO plugin. -->","yoast_head_json":{"title":"Certificats - Quiks","description":"Kiezen voor Quik\u2019s Quality Potatoes betekent kiezen voor constante hoge kwaliteit. Onze certificaten bewijzen dan ook dat onze aardappelen voldoen aan de hoogste kwaliteitseisen.","robots":{"index":"index","follow":"follow","max-snippet":"max-snippet:-1","max-image-preview":"max-image-preview:large","max-video-preview":"max-video-preview:-1"},"canonical":"https:\/\/www.quiks.nl\/fr\/all-about-potatoes\/certificats\/","og_locale":"fr_FR","og_type":"article","og_title":"Certificats - Quiks","og_description":"Kiezen voor Quik\u2019s Quality Potatoes betekent kiezen voor constante hoge kwaliteit. Onze certificaten bewijzen dan ook dat onze aardappelen voldoen aan de hoogste kwaliteitseisen.","og_url":"https:\/\/www.quiks.nl\/fr\/all-about-potatoes\/certificats\/","og_site_name":"Quiks","article_modified_time":"2026-04-07T07:15:27+00:00","og_image":[{"url":"https:\/\/www.quiks.nl\/wp-content\/uploads\/2026\/01\/doc03975620260114122717-150x150.png","type":"","width":"","height":""}],"twitter_card":"summary_large_image","twitter_misc":{"Dur\u00e9e de lecture estim\u00e9e":"1 minute"},"schema":{"@context":"https:\/\/schema.org","@graph":[{"@type":"WebPage","@id":"https:\/\/www.quiks.nl\/fr\/all-about-potatoes\/certificats\/","url":"https:\/\/www.quiks.nl\/fr\/all-about-potatoes\/certificats\/","name":"Certificats - Quiks","isPartOf":{"@id":"https:\/\/www.quiks.nl\/fr\/#website"},"datePublished":"2018-05-30T11:41:41+00:00","dateModified":"2026-04-07T07:15:27+00:00","description":"Kiezen voor Quik\u2019s Quality Potatoes betekent kiezen voor constante hoge kwaliteit. Onze certificaten bewijzen dan ook dat onze aardappelen voldoen aan de hoogste kwaliteitseisen.","breadcrumb":{"@id":"https:\/\/www.quiks.nl\/fr\/all-about-potatoes\/certificats\/#breadcrumb"},"inLanguage":"fr-FR","potentialAction":[{"@type":"ReadAction","target":["https:\/\/www.quiks.nl\/fr\/all-about-potatoes\/certificats\/"]}]},{"@type":"BreadcrumbList","@id":"https:\/\/www.quiks.nl\/fr\/all-about-potatoes\/certificats\/#breadcrumb","itemListElement":[{"@type":"ListItem","position":1,"name":"Home","item":"https:\/\/www.quiks.nl\/fr\/"},{"@type":"ListItem","position":2,"name":"All about potatoes","item":"https:\/\/www.quiks.nl\/fr\/all-about-potatoes\/"},{"@type":"ListItem","position":3,"name":"Certificats"}]},{"@type":"WebSite","@id":"https:\/\/www.quiks.nl\/fr\/#website","url":"https:\/\/www.quiks.nl\/fr\/","name":"Quiks","description":"Quik&#039;s Quality Potatoes","potentialAction":[{"@type":"SearchAction","target":{"@type":"EntryPoint","urlTemplate":"https:\/\/www.quiks.nl\/fr\/?s={search_term_string}"},"query-input":{"@type":"PropertyValueSpecification","valueRequired":true,"valueName":"search_term_string"}}],"inLanguage":"fr-FR"}]}},"_links":{"self":[{"href":"https:\/\/www.quiks.nl\/fr\/wp-json\/wp\/v2\/pages\/4650","targetHints":{"allow":["GET"]}}],"collection":[{"href":"https:\/\/www.quiks.nl\/fr\/wp-json\/wp\/v2\/pages"}],"about":[{"href":"https:\/\/www.quiks.nl\/fr\/wp-json\/wp\/v2\/types\/page"}],"author":[{"embeddable":true,"href":"https:\/\/www.quiks.nl\/fr\/wp-json\/wp\/v2\/users\/2"}],"replies":[{"embeddable":true,"href":"https:\/\/www.quiks.nl\/fr\/wp-json\/wp\/v2\/comments?post=4650"}],"version-history":[{"count":12,"href":"https:\/\/www.quiks.nl\/fr\/wp-json\/wp\/v2\/pages\/4650\/revisions"}],"predecessor-version":[{"id":17229,"href":"https:\/\/www.quiks.nl\/fr\/wp-json\/wp\/v2\/pages\/4650\/revisions\/17229"}],"up":[{"embeddable":true,"href":"https:\/\/www.quiks.nl\/fr\/wp-json\/wp\/v2\/pages\/4636"}],"wp:attachment":[{"href":"https:\/\/www.quiks.nl\/fr\/wp-json\/wp\/v2\/media?parent=4650"}],"curies":[{"name":"wp","href":"https:\/\/api.w.org\/{rel}","templated":true}]}}