{"id":4647,"date":"2018-06-04T14:30:22","date_gmt":"2018-06-04T12:30:22","guid":{"rendered":"https:\/\/www.quiks.nl\/all-about-potatoes\/private-label\/"},"modified":"2018-10-26T09:58:50","modified_gmt":"2018-10-26T07:58:50","slug":"marque-de-distributeur","status":"publish","type":"page","link":"https:\/\/www.quiks.nl\/fr\/all-about-potatoes\/marque-de-distributeur\/","title":{"rendered":"Marque de distributeur"},"content":{"rendered":"<h1>Marque de distributeur<\/h1>\n<p>Quik&rsquo;s est le partenaire id\u00e9al pour les solutions de marque de distributeur. La contribution aux b\u00e9n\u00e9fices, le caract\u00e8re distinctif, mais aussi la qualit\u00e9 et la fiabilit\u00e9 sont notre priorit\u00e9 absolue. Comme nul autre, nous savons ce qui est important pour les d\u00e9taillants. Nous pr\u00e9sentons en permanence des innovations qui vous permettront de toujours surprendre vos clients et qui les feront revenir chez vous. Quik&rsquo;s vous offrent de nombreuses possibilit\u00e9s d&#8217;emballage, de recettes et de compositions.<\/p>\n<p>&nbsp;<\/p>\n<p><img loading=\"lazy\" decoding=\"async\" class=\"aligncenter size-large wp-image-1159\" src=\"https:\/\/www.quiks.nl\/wp-content\/uploads\/2018\/06\/Hasselbacks-1024x682.jpg\" alt=\"\" width=\"1024\" height=\"682\" srcset=\"https:\/\/www.quiks.nl\/wp-content\/uploads\/2018\/06\/Hasselbacks-1024x682.jpg 1024w, https:\/\/www.quiks.nl\/wp-content\/uploads\/2018\/06\/Hasselbacks-300x200.jpg 300w, https:\/\/www.quiks.nl\/wp-content\/uploads\/2018\/06\/Hasselbacks-768x512.jpg 768w, https:\/\/www.quiks.nl\/wp-content\/uploads\/2018\/06\/Hasselbacks-50x33.jpg 50w, https:\/\/www.quiks.nl\/wp-content\/uploads\/2018\/06\/Hasselbacks-320x213.jpg 320w, https:\/\/www.quiks.nl\/wp-content\/uploads\/2018\/06\/Hasselbacks-544x363.jpg 544w, https:\/\/www.quiks.nl\/wp-content\/uploads\/2018\/06\/Hasselbacks-992x661.jpg 992w, https:\/\/www.quiks.nl\/wp-content\/uploads\/2018\/06\/Hasselbacks-1200x800.jpg 1200w, https:\/\/www.quiks.nl\/wp-content\/uploads\/2018\/06\/Hasselbacks-1440x960.jpg 1440w, https:\/\/www.quiks.nl\/wp-content\/uploads\/2018\/06\/Hasselbacks.jpg 1920w\" sizes=\"auto, (max-width: 1024px) 100vw, 1024px\" \/><\/p>\n","protected":false},"excerpt":{"rendered":"<p>Marque de distributeur Quik&rsquo;s est le partenaire id\u00e9al pour les solutions de marque de distributeur. La contribution aux b\u00e9n\u00e9fices, le caract\u00e8re distinctif, mais aussi la qualit\u00e9 et la fiabilit\u00e9 sont notre priorit\u00e9 absolue. Comme nul autre, nous savons ce qui est important pour les d\u00e9taillants. Nous pr\u00e9sentons en permanence des innovations qui vous permettront de [&hellip;]<\/p>\n","protected":false},"author":2,"featured_media":0,"parent":4636,"menu_order":4,"comment_status":"closed","ping_status":"closed","template":"","meta":{"_acf_changed":false,"footnotes":""},"class_list":["post-4647","page","type-page","status-publish","hentry"],"acf":[],"yoast_head":"<!-- This site is optimized with the Yoast SEO plugin v27.5 - https:\/\/yoast.com\/product\/yoast-seo-wordpress\/ -->\n<title>Marque de distributeur - Quik&#039;s<\/title>\n<meta name=\"description\" content=\"Quik\u2019s is d\u00e9 partner als het gaat om oplossingen in private label. Met Quik\u2019s heeft u uitgebreide mogelijkheden in verpakkingen, recepturen en samenstellingen.\" \/>\n<meta name=\"robots\" content=\"index, follow, max-snippet:-1, max-image-preview:large, max-video-preview:-1\" \/>\n<link rel=\"canonical\" href=\"https:\/\/www.quiks.nl\/fr\/all-about-potatoes\/marque-de-distributeur\/\" \/>\n<meta property=\"og:locale\" content=\"fr_FR\" \/>\n<meta property=\"og:type\" content=\"article\" \/>\n<meta property=\"og:title\" content=\"Marque de distributeur - Quik&#039;s\" \/>\n<meta property=\"og:description\" content=\"Quik\u2019s is d\u00e9 partner als het gaat om oplossingen in private label. Met Quik\u2019s heeft u uitgebreide mogelijkheden in verpakkingen, recepturen en samenstellingen.\" \/>\n<meta property=\"og:url\" content=\"https:\/\/www.quiks.nl\/fr\/all-about-potatoes\/marque-de-distributeur\/\" \/>\n<meta property=\"og:site_name\" content=\"Quiks\" \/>\n<meta property=\"article:modified_time\" content=\"2018-10-26T07:58:50+00:00\" \/>\n<meta property=\"og:image\" content=\"https:\/\/www.quiks.nl\/wp-content\/uploads\/2018\/06\/Hasselbacks-1024x682.jpg\" \/>\n<meta name=\"twitter:card\" content=\"summary_large_image\" \/>\n<script type=\"application\/ld+json\" class=\"yoast-schema-graph\">{\"@context\":\"https:\\\/\\\/schema.org\",\"@graph\":[{\"@type\":\"WebPage\",\"@id\":\"https:\\\/\\\/www.quiks.nl\\\/fr\\\/all-about-potatoes\\\/marque-de-distributeur\\\/\",\"url\":\"https:\\\/\\\/www.quiks.nl\\\/fr\\\/all-about-potatoes\\\/marque-de-distributeur\\\/\",\"name\":\"Marque de distributeur - Quik's\",\"isPartOf\":{\"@id\":\"https:\\\/\\\/www.quiks.nl\\\/fr\\\/#website\"},\"primaryImageOfPage\":{\"@id\":\"https:\\\/\\\/www.quiks.nl\\\/fr\\\/all-about-potatoes\\\/marque-de-distributeur\\\/#primaryimage\"},\"image\":{\"@id\":\"https:\\\/\\\/www.quiks.nl\\\/fr\\\/all-about-potatoes\\\/marque-de-distributeur\\\/#primaryimage\"},\"thumbnailUrl\":\"https:\\\/\\\/www.quiks.nl\\\/wp-content\\\/uploads\\\/2018\\\/06\\\/Hasselbacks-1024x682.jpg\",\"datePublished\":\"2018-06-04T12:30:22+00:00\",\"dateModified\":\"2018-10-26T07:58:50+00:00\",\"description\":\"Quik\u2019s is d\u00e9 partner als het gaat om oplossingen in private label. Met Quik\u2019s heeft u uitgebreide mogelijkheden in verpakkingen, recepturen en samenstellingen.\",\"breadcrumb\":{\"@id\":\"https:\\\/\\\/www.quiks.nl\\\/fr\\\/all-about-potatoes\\\/marque-de-distributeur\\\/#breadcrumb\"},\"inLanguage\":\"fr-FR\",\"potentialAction\":[{\"@type\":\"ReadAction\",\"target\":[\"https:\\\/\\\/www.quiks.nl\\\/fr\\\/all-about-potatoes\\\/marque-de-distributeur\\\/\"]}]},{\"@type\":\"ImageObject\",\"inLanguage\":\"fr-FR\",\"@id\":\"https:\\\/\\\/www.quiks.nl\\\/fr\\\/all-about-potatoes\\\/marque-de-distributeur\\\/#primaryimage\",\"url\":\"https:\\\/\\\/www.quiks.nl\\\/wp-content\\\/uploads\\\/2018\\\/06\\\/Hasselbacks-1024x682.jpg\",\"contentUrl\":\"https:\\\/\\\/www.quiks.nl\\\/wp-content\\\/uploads\\\/2018\\\/06\\\/Hasselbacks-1024x682.jpg\"},{\"@type\":\"BreadcrumbList\",\"@id\":\"https:\\\/\\\/www.quiks.nl\\\/fr\\\/all-about-potatoes\\\/marque-de-distributeur\\\/#breadcrumb\",\"itemListElement\":[{\"@type\":\"ListItem\",\"position\":1,\"name\":\"Home\",\"item\":\"https:\\\/\\\/www.quiks.nl\\\/fr\\\/\"},{\"@type\":\"ListItem\",\"position\":2,\"name\":\"All about potatoes\",\"item\":\"https:\\\/\\\/www.quiks.nl\\\/fr\\\/all-about-potatoes\\\/\"},{\"@type\":\"ListItem\",\"position\":3,\"name\":\"Marque de distributeur\"}]},{\"@type\":\"WebSite\",\"@id\":\"https:\\\/\\\/www.quiks.nl\\\/fr\\\/#website\",\"url\":\"https:\\\/\\\/www.quiks.nl\\\/fr\\\/\",\"name\":\"Quiks\",\"description\":\"Quik&#039;s Quality Potatoes\",\"potentialAction\":[{\"@type\":\"SearchAction\",\"target\":{\"@type\":\"EntryPoint\",\"urlTemplate\":\"https:\\\/\\\/www.quiks.nl\\\/fr\\\/?s={search_term_string}\"},\"query-input\":{\"@type\":\"PropertyValueSpecification\",\"valueRequired\":true,\"valueName\":\"search_term_string\"}}],\"inLanguage\":\"fr-FR\"}]}<\/script>\n<!-- \/ Yoast SEO plugin. -->","yoast_head_json":{"title":"Marque de distributeur - Quik's","description":"Quik\u2019s is d\u00e9 partner als het gaat om oplossingen in private label. Met Quik\u2019s heeft u uitgebreide mogelijkheden in verpakkingen, recepturen en samenstellingen.","robots":{"index":"index","follow":"follow","max-snippet":"max-snippet:-1","max-image-preview":"max-image-preview:large","max-video-preview":"max-video-preview:-1"},"canonical":"https:\/\/www.quiks.nl\/fr\/all-about-potatoes\/marque-de-distributeur\/","og_locale":"fr_FR","og_type":"article","og_title":"Marque de distributeur - Quik's","og_description":"Quik\u2019s is d\u00e9 partner als het gaat om oplossingen in private label. Met Quik\u2019s heeft u uitgebreide mogelijkheden in verpakkingen, recepturen en samenstellingen.","og_url":"https:\/\/www.quiks.nl\/fr\/all-about-potatoes\/marque-de-distributeur\/","og_site_name":"Quiks","article_modified_time":"2018-10-26T07:58:50+00:00","og_image":[{"url":"https:\/\/www.quiks.nl\/wp-content\/uploads\/2018\/06\/Hasselbacks-1024x682.jpg","type":"","width":"","height":""}],"twitter_card":"summary_large_image","schema":{"@context":"https:\/\/schema.org","@graph":[{"@type":"WebPage","@id":"https:\/\/www.quiks.nl\/fr\/all-about-potatoes\/marque-de-distributeur\/","url":"https:\/\/www.quiks.nl\/fr\/all-about-potatoes\/marque-de-distributeur\/","name":"Marque de distributeur - Quik's","isPartOf":{"@id":"https:\/\/www.quiks.nl\/fr\/#website"},"primaryImageOfPage":{"@id":"https:\/\/www.quiks.nl\/fr\/all-about-potatoes\/marque-de-distributeur\/#primaryimage"},"image":{"@id":"https:\/\/www.quiks.nl\/fr\/all-about-potatoes\/marque-de-distributeur\/#primaryimage"},"thumbnailUrl":"https:\/\/www.quiks.nl\/wp-content\/uploads\/2018\/06\/Hasselbacks-1024x682.jpg","datePublished":"2018-06-04T12:30:22+00:00","dateModified":"2018-10-26T07:58:50+00:00","description":"Quik\u2019s is d\u00e9 partner als het gaat om oplossingen in private label. Met Quik\u2019s heeft u uitgebreide mogelijkheden in verpakkingen, recepturen en samenstellingen.","breadcrumb":{"@id":"https:\/\/www.quiks.nl\/fr\/all-about-potatoes\/marque-de-distributeur\/#breadcrumb"},"inLanguage":"fr-FR","potentialAction":[{"@type":"ReadAction","target":["https:\/\/www.quiks.nl\/fr\/all-about-potatoes\/marque-de-distributeur\/"]}]},{"@type":"ImageObject","inLanguage":"fr-FR","@id":"https:\/\/www.quiks.nl\/fr\/all-about-potatoes\/marque-de-distributeur\/#primaryimage","url":"https:\/\/www.quiks.nl\/wp-content\/uploads\/2018\/06\/Hasselbacks-1024x682.jpg","contentUrl":"https:\/\/www.quiks.nl\/wp-content\/uploads\/2018\/06\/Hasselbacks-1024x682.jpg"},{"@type":"BreadcrumbList","@id":"https:\/\/www.quiks.nl\/fr\/all-about-potatoes\/marque-de-distributeur\/#breadcrumb","itemListElement":[{"@type":"ListItem","position":1,"name":"Home","item":"https:\/\/www.quiks.nl\/fr\/"},{"@type":"ListItem","position":2,"name":"All about potatoes","item":"https:\/\/www.quiks.nl\/fr\/all-about-potatoes\/"},{"@type":"ListItem","position":3,"name":"Marque de distributeur"}]},{"@type":"WebSite","@id":"https:\/\/www.quiks.nl\/fr\/#website","url":"https:\/\/www.quiks.nl\/fr\/","name":"Quiks","description":"Quik&#039;s Quality Potatoes","potentialAction":[{"@type":"SearchAction","target":{"@type":"EntryPoint","urlTemplate":"https:\/\/www.quiks.nl\/fr\/?s={search_term_string}"},"query-input":{"@type":"PropertyValueSpecification","valueRequired":true,"valueName":"search_term_string"}}],"inLanguage":"fr-FR"}]}},"_links":{"self":[{"href":"https:\/\/www.quiks.nl\/fr\/wp-json\/wp\/v2\/pages\/4647","targetHints":{"allow":["GET"]}}],"collection":[{"href":"https:\/\/www.quiks.nl\/fr\/wp-json\/wp\/v2\/pages"}],"about":[{"href":"https:\/\/www.quiks.nl\/fr\/wp-json\/wp\/v2\/types\/page"}],"author":[{"embeddable":true,"href":"https:\/\/www.quiks.nl\/fr\/wp-json\/wp\/v2\/users\/2"}],"replies":[{"embeddable":true,"href":"https:\/\/www.quiks.nl\/fr\/wp-json\/wp\/v2\/comments?post=4647"}],"version-history":[{"count":0,"href":"https:\/\/www.quiks.nl\/fr\/wp-json\/wp\/v2\/pages\/4647\/revisions"}],"up":[{"embeddable":true,"href":"https:\/\/www.quiks.nl\/fr\/wp-json\/wp\/v2\/pages\/4636"}],"wp:attachment":[{"href":"https:\/\/www.quiks.nl\/fr\/wp-json\/wp\/v2\/media?parent=4647"}],"curies":[{"name":"wp","href":"https:\/\/api.w.org\/{rel}","templated":true}]}}