{"id":4639,"date":"2018-06-04T14:29:46","date_gmt":"2018-06-04T12:29:46","guid":{"rendered":"https:\/\/www.quiks.nl\/all-about-potatoes\/kernwaarden-missie-en-visie\/"},"modified":"2018-10-26T09:58:25","modified_gmt":"2018-10-26T07:58:25","slug":"valeurs-fondamentales","status":"publish","type":"page","link":"https:\/\/www.quiks.nl\/fr\/all-about-potatoes\/valeurs-fondamentales\/","title":{"rendered":"Valeurs fondamentales"},"content":{"rendered":"<h1>Valeurs fondamentales<\/h1>\n<p>Depuis la cr\u00e9ation de notre entreprise par Hendrik Quik en 1932, le monde a bien \u00e9volu\u00e9. Mais une chose n&rsquo;a pas chang\u00e9. Les consommateurs veulent toujours des produits naturels, frais et (surtout!) savoureux. Quik\u2019s Quality Potatoes combine une exp\u00e9rience pratique de plus de 80 ans dans le secteur de la pomme de terre avec une vision nouvelle sur la production et la logistique. Gr\u00e2ce \u00e0 notre vaste r\u00e9seau de fournisseurs, nous avons toujours des pommes de terre de haute qualit\u00e9. Nous travaillons \u00e0 partir de notre propre ADN et des valeurs fondamentales auxquelles nous aspirons:<\/p>\n<p><strong>Qualit\u00e9<\/strong><br \/>\nChoisir Quik&rsquo;s, c&rsquo;est opter pour une qualit\u00e9 \u00e9lev\u00e9e et constante. Nous travaillons avec des producteurs s\u00e9rieusement s\u00e9lectionn\u00e9s, de sorte que nous savons exactement par qui, comment et o\u00f9 les pommes de terre ont \u00e9t\u00e9 cultiv\u00e9es. De plus, pour les produits et sp\u00e9cialit\u00e9s de pomme de terre r\u00e9frig\u00e9r\u00e9s, nous utilisons toute l\u2019ann\u00e9e une seule vari\u00e9t\u00e9 de pomme de terre, afin qu&rsquo;il n&rsquo;y ait pas de grandes diff\u00e9rences de go\u00fbt et de couleur. Gr\u00e2ce \u00e0 notre m\u00e9thode de lavage d\u00e9velopp\u00e9e en interne, les pommes de terre offrent un aspect visuel tr\u00e8s attrayant. Nous travaillons conform\u00e9ment aux normes les plus strictes (BRC, SKAL, IFS, GlobalGAP, GMP), afin de pouvoir faire \u00e0 nos clients de vente au d\u00e9tail, restauration et industrie alimentaire, une promesse claire: nos produits sont tellement bons qu&rsquo;on en veut toujours plus!<\/p>\n<p><strong>Continuit\u00e9<\/strong><br \/>\nNos employ\u00e9s associent la passion pour nos produits \u00e0 nos ann\u00e9es d\u2019exp\u00e9rience. Quik&rsquo;s est une entreprise familiale solide avec des employ\u00e9s fortement impliqu\u00e9s, garantissant l&rsquo;engagement \u00e0 tous les niveaux de l&rsquo;organisation. Nous optons r\u00e9solument pour des partenariats durables avec nos fournisseurs et nos clients. R\u00e9fl\u00e9chir avec vous &#8211; votre vision est aussi un peu la n\u00f4tre &#8211; est toujours de mise.<\/p>\n<p><strong>Professionnalit\u00e9<\/strong><br \/>\nQuik&rsquo;s investit beaucoup dans l&rsquo;innovation et l&rsquo;optimisation des processus de production. Nous disposons d&rsquo;une \u00e9norme capacit\u00e9 de traitement et optons volontiers pour des technologies durables. Nos pommes de terre suivent un parcours efficace et g\u00e9r\u00e9 avec rigueur, o\u00f9 les m\u00e9thodes de s\u00e9lection traditionnelles vont de pair avec les processus de d\u00e9coupe, de cuisson et \/ ou de pr\u00e9cuisson automatis\u00e9s. Et qu&rsquo;en est-il de l&#8217;emballage? Nous le faisons avec tout autant d&rsquo;amour!<\/p>\n<p><strong>Flexibilit\u00e9<\/strong><br \/>\nVous ne recherchez pas juste un fournisseur comme \u00e7a, mais un partenaire qui r\u00e9fl\u00e9chit et coop\u00e8re avec vous? Besoin d&rsquo;une cuisson, d&rsquo;une taille ou d&rsquo;un emballage sp\u00e9cifique? Quik&rsquo;s est \u00e0 l&rsquo;aise dans tous les secteurs et branches d&rsquo;activit\u00e9. Non seulement nous savons ce qui vous (et vos clients) touche, mais nous pouvons \u00e9galement anticiper de fa\u00e7on flexible aux souhaits et exigences fluctuants; par exemple s&rsquo;il y a une demande de nouveaux produits ou si le processus logistique doit \u00eatre ajust\u00e9. Pour Quik&rsquo;s: tout est n\u00e9gociable!<\/p>\n<p><strong>Innovation<\/strong><br \/>\nL&rsquo;innovation est l&rsquo;un de nos principaux fers de lance. Bien que la pomme de terre soit souvent consid\u00e9r\u00e9e comme un produit traditionnel, notre d\u00e9partement R&amp;D a maintes et maintes fois prouv\u00e9 que des innovations surprenantes sont toujours possibles. Nos ann\u00e9es d&rsquo;exp\u00e9rience dans le secteur de la restauration nous permettent de traduire rapidement les innovations culinaires en un concept de vente au d\u00e9tail. Vous profitez ainsi directement des toutes nouvelles tendances et \u00e9volutions sur le plan culinaire.<\/p>\n","protected":false},"excerpt":{"rendered":"<p>Valeurs fondamentales Depuis la cr\u00e9ation de notre entreprise par Hendrik Quik en 1932, le monde a bien \u00e9volu\u00e9. Mais une chose n&rsquo;a pas chang\u00e9. Les consommateurs veulent toujours des produits naturels, frais et (surtout!) savoureux. Quik\u2019s Quality Potatoes combine une exp\u00e9rience pratique de plus de 80 ans dans le secteur de la pomme de terre [&hellip;]<\/p>\n","protected":false},"author":2,"featured_media":0,"parent":4636,"menu_order":2,"comment_status":"closed","ping_status":"closed","template":"","meta":{"_acf_changed":false,"footnotes":""},"class_list":["post-4639","page","type-page","status-publish","hentry"],"acf":[],"yoast_head":"<!-- This site is optimized with the Yoast SEO plugin v27.5 - https:\/\/yoast.com\/product\/yoast-seo-wordpress\/ -->\n<title>Valeurs fondamentales - Quik&#039;s<\/title>\n<meta name=\"description\" content=\"We werken vanuit een eigen DNA en kernwaarden die we nastreven. Mede daardoor beschikken we altijd over hoogwaardige aardappelen.\" \/>\n<meta name=\"robots\" content=\"index, follow, max-snippet:-1, max-image-preview:large, max-video-preview:-1\" \/>\n<link rel=\"canonical\" href=\"https:\/\/www.quiks.nl\/fr\/all-about-potatoes\/valeurs-fondamentales\/\" \/>\n<meta property=\"og:locale\" content=\"fr_FR\" \/>\n<meta property=\"og:type\" content=\"article\" \/>\n<meta property=\"og:title\" content=\"Valeurs fondamentales - Quik&#039;s\" \/>\n<meta property=\"og:description\" content=\"We werken vanuit een eigen DNA en kernwaarden die we nastreven. Mede daardoor beschikken we altijd over hoogwaardige aardappelen.\" \/>\n<meta property=\"og:url\" content=\"https:\/\/www.quiks.nl\/fr\/all-about-potatoes\/valeurs-fondamentales\/\" \/>\n<meta property=\"og:site_name\" content=\"Quiks\" \/>\n<meta property=\"article:modified_time\" content=\"2018-10-26T07:58:25+00:00\" \/>\n<meta name=\"twitter:card\" content=\"summary_large_image\" \/>\n<meta name=\"twitter:label1\" content=\"Dur\u00e9e de lecture estim\u00e9e\" \/>\n\t<meta name=\"twitter:data1\" content=\"3 minutes\" \/>\n<script type=\"application\/ld+json\" class=\"yoast-schema-graph\">{\"@context\":\"https:\\\/\\\/schema.org\",\"@graph\":[{\"@type\":\"WebPage\",\"@id\":\"https:\\\/\\\/www.quiks.nl\\\/fr\\\/all-about-potatoes\\\/valeurs-fondamentales\\\/\",\"url\":\"https:\\\/\\\/www.quiks.nl\\\/fr\\\/all-about-potatoes\\\/valeurs-fondamentales\\\/\",\"name\":\"Valeurs fondamentales - Quik's\",\"isPartOf\":{\"@id\":\"https:\\\/\\\/www.quiks.nl\\\/fr\\\/#website\"},\"datePublished\":\"2018-06-04T12:29:46+00:00\",\"dateModified\":\"2018-10-26T07:58:25+00:00\",\"description\":\"We werken vanuit een eigen DNA en kernwaarden die we nastreven. Mede daardoor beschikken we altijd over hoogwaardige aardappelen.\",\"breadcrumb\":{\"@id\":\"https:\\\/\\\/www.quiks.nl\\\/fr\\\/all-about-potatoes\\\/valeurs-fondamentales\\\/#breadcrumb\"},\"inLanguage\":\"fr-FR\",\"potentialAction\":[{\"@type\":\"ReadAction\",\"target\":[\"https:\\\/\\\/www.quiks.nl\\\/fr\\\/all-about-potatoes\\\/valeurs-fondamentales\\\/\"]}]},{\"@type\":\"BreadcrumbList\",\"@id\":\"https:\\\/\\\/www.quiks.nl\\\/fr\\\/all-about-potatoes\\\/valeurs-fondamentales\\\/#breadcrumb\",\"itemListElement\":[{\"@type\":\"ListItem\",\"position\":1,\"name\":\"Home\",\"item\":\"https:\\\/\\\/www.quiks.nl\\\/fr\\\/\"},{\"@type\":\"ListItem\",\"position\":2,\"name\":\"All about potatoes\",\"item\":\"https:\\\/\\\/www.quiks.nl\\\/fr\\\/all-about-potatoes\\\/\"},{\"@type\":\"ListItem\",\"position\":3,\"name\":\"Valeurs fondamentales\"}]},{\"@type\":\"WebSite\",\"@id\":\"https:\\\/\\\/www.quiks.nl\\\/fr\\\/#website\",\"url\":\"https:\\\/\\\/www.quiks.nl\\\/fr\\\/\",\"name\":\"Quiks\",\"description\":\"Quik&#039;s Quality Potatoes\",\"potentialAction\":[{\"@type\":\"SearchAction\",\"target\":{\"@type\":\"EntryPoint\",\"urlTemplate\":\"https:\\\/\\\/www.quiks.nl\\\/fr\\\/?s={search_term_string}\"},\"query-input\":{\"@type\":\"PropertyValueSpecification\",\"valueRequired\":true,\"valueName\":\"search_term_string\"}}],\"inLanguage\":\"fr-FR\"}]}<\/script>\n<!-- \/ Yoast SEO plugin. -->","yoast_head_json":{"title":"Valeurs fondamentales - Quik's","description":"We werken vanuit een eigen DNA en kernwaarden die we nastreven. Mede daardoor beschikken we altijd over hoogwaardige aardappelen.","robots":{"index":"index","follow":"follow","max-snippet":"max-snippet:-1","max-image-preview":"max-image-preview:large","max-video-preview":"max-video-preview:-1"},"canonical":"https:\/\/www.quiks.nl\/fr\/all-about-potatoes\/valeurs-fondamentales\/","og_locale":"fr_FR","og_type":"article","og_title":"Valeurs fondamentales - Quik's","og_description":"We werken vanuit een eigen DNA en kernwaarden die we nastreven. Mede daardoor beschikken we altijd over hoogwaardige aardappelen.","og_url":"https:\/\/www.quiks.nl\/fr\/all-about-potatoes\/valeurs-fondamentales\/","og_site_name":"Quiks","article_modified_time":"2018-10-26T07:58:25+00:00","twitter_card":"summary_large_image","twitter_misc":{"Dur\u00e9e de lecture estim\u00e9e":"3 minutes"},"schema":{"@context":"https:\/\/schema.org","@graph":[{"@type":"WebPage","@id":"https:\/\/www.quiks.nl\/fr\/all-about-potatoes\/valeurs-fondamentales\/","url":"https:\/\/www.quiks.nl\/fr\/all-about-potatoes\/valeurs-fondamentales\/","name":"Valeurs fondamentales - Quik's","isPartOf":{"@id":"https:\/\/www.quiks.nl\/fr\/#website"},"datePublished":"2018-06-04T12:29:46+00:00","dateModified":"2018-10-26T07:58:25+00:00","description":"We werken vanuit een eigen DNA en kernwaarden die we nastreven. Mede daardoor beschikken we altijd over hoogwaardige aardappelen.","breadcrumb":{"@id":"https:\/\/www.quiks.nl\/fr\/all-about-potatoes\/valeurs-fondamentales\/#breadcrumb"},"inLanguage":"fr-FR","potentialAction":[{"@type":"ReadAction","target":["https:\/\/www.quiks.nl\/fr\/all-about-potatoes\/valeurs-fondamentales\/"]}]},{"@type":"BreadcrumbList","@id":"https:\/\/www.quiks.nl\/fr\/all-about-potatoes\/valeurs-fondamentales\/#breadcrumb","itemListElement":[{"@type":"ListItem","position":1,"name":"Home","item":"https:\/\/www.quiks.nl\/fr\/"},{"@type":"ListItem","position":2,"name":"All about potatoes","item":"https:\/\/www.quiks.nl\/fr\/all-about-potatoes\/"},{"@type":"ListItem","position":3,"name":"Valeurs fondamentales"}]},{"@type":"WebSite","@id":"https:\/\/www.quiks.nl\/fr\/#website","url":"https:\/\/www.quiks.nl\/fr\/","name":"Quiks","description":"Quik&#039;s Quality Potatoes","potentialAction":[{"@type":"SearchAction","target":{"@type":"EntryPoint","urlTemplate":"https:\/\/www.quiks.nl\/fr\/?s={search_term_string}"},"query-input":{"@type":"PropertyValueSpecification","valueRequired":true,"valueName":"search_term_string"}}],"inLanguage":"fr-FR"}]}},"_links":{"self":[{"href":"https:\/\/www.quiks.nl\/fr\/wp-json\/wp\/v2\/pages\/4639","targetHints":{"allow":["GET"]}}],"collection":[{"href":"https:\/\/www.quiks.nl\/fr\/wp-json\/wp\/v2\/pages"}],"about":[{"href":"https:\/\/www.quiks.nl\/fr\/wp-json\/wp\/v2\/types\/page"}],"author":[{"embeddable":true,"href":"https:\/\/www.quiks.nl\/fr\/wp-json\/wp\/v2\/users\/2"}],"replies":[{"embeddable":true,"href":"https:\/\/www.quiks.nl\/fr\/wp-json\/wp\/v2\/comments?post=4639"}],"version-history":[{"count":0,"href":"https:\/\/www.quiks.nl\/fr\/wp-json\/wp\/v2\/pages\/4639\/revisions"}],"up":[{"embeddable":true,"href":"https:\/\/www.quiks.nl\/fr\/wp-json\/wp\/v2\/pages\/4636"}],"wp:attachment":[{"href":"https:\/\/www.quiks.nl\/fr\/wp-json\/wp\/v2\/media?parent=4639"}],"curies":[{"name":"wp","href":"https:\/\/api.w.org\/{rel}","templated":true}]}}