{"id":4627,"date":"2018-06-04T14:29:29","date_gmt":"2018-06-04T12:29:29","guid":{"rendered":"https:\/\/www.quiks.nl\/historie\/"},"modified":"2018-10-26T09:58:11","modified_gmt":"2018-10-26T07:58:11","slug":"histoire","status":"publish","type":"page","link":"https:\/\/www.quiks.nl\/fr\/all-about-potatoes\/histoire\/","title":{"rendered":"Histoire"},"content":{"rendered":"<h1><strong>Histoire<\/strong><\/h1>\n<p>Depuis plus de 85 ans, l&rsquo;entreprise familiale Quik&rsquo;s Quality Potatoes est un partenaire fiable pour les clients des secteurs de la vente au d\u00e9tail de produits alimentaires, de la restauration et de l&rsquo;industrie alimentaire. Chaque jour, nous fournissons une grande quantit\u00e9 de pommes de terre non transform\u00e9es et des produits et sp\u00e9cialit\u00e9s de pommes de terre r\u00e9frig\u00e9r\u00e9s. De concert avec nos employ\u00e9s, nous veillons \u00e0 ce que les consommateurs puissent d\u00e9guster chaque jour de d\u00e9licieuses pommes de terre dans le pays et \u00e0 l&rsquo;\u00e9tranger. Quik&rsquo;s repr\u00e9sente des ann\u00e9es de tradition et de qualit\u00e9 constante, de variation, d&rsquo;innovation et d&rsquo;am\u00e9lioration.<\/p>\n<p>L&rsquo;histoire remonte \u00e0 1932, ann\u00e9e o\u00f9 Hendrik Quik a commenc\u00e9 le commerce de la pomme de terre. Il a impliqu\u00e9 ses fils dans l&rsquo;entreprise \u00e0 un jeune \u00e2ge. Au fil du temps, ses fils Andries et Peter Quik ont \u200b\u200brepris l&rsquo;entreprise et c&rsquo;est alors qu&rsquo;est n\u00e9e la soci\u00e9t\u00e9 H. Quik et Zonen BV. Puis la soci\u00e9t\u00e9 Quik et Zonen s&rsquo;est agrandie en vue des d\u00e9veloppements. Depuis 2001, Quik&rsquo;s transforme \u00e9galement les pommes de terre en produits et sp\u00e9cialit\u00e9s de pommes de terre pr\u00eats \u00e0 cuire.<\/p>\n<p>Depuis 2015, les unit\u00e9s Quik\u2019s Verse Aardappelen et Quik\u2019sPotatoProducts sont chapeaut\u00e9es par Quik\u2019s Quality Potatoes. La gestion \u00e0 trois t\u00eates des diff\u00e9rentes branches d&rsquo;activit\u00e9 est maintenant compos\u00e9e de la prochaine g\u00e9n\u00e9ration. Peter Quik est directeur de Quik\u2019sPotatoProducts, Gerrit Oomen dirige Quik\u2019s Verse Aardappelen et Jurriaan Oudejans est responsable de Quik\u2019s Research &amp; Development.<\/p>\n<p><img loading=\"lazy\" decoding=\"async\" class=\"aligncenter size-large wp-image-1312\" src=\"https:\/\/www.quiks.nl\/wp-content\/uploads\/2018\/07\/Quiks-Hedel-MatthijsFotografie-20180412-L-1248-2-e1531130527538-1024x491.jpg\" alt=\"\" width=\"1024\" height=\"491\" srcset=\"https:\/\/www.quiks.nl\/wp-content\/uploads\/2018\/07\/Quiks-Hedel-MatthijsFotografie-20180412-L-1248-2-e1531130527538-1024x491.jpg 1024w, https:\/\/www.quiks.nl\/wp-content\/uploads\/2018\/07\/Quiks-Hedel-MatthijsFotografie-20180412-L-1248-2-e1531130527538-300x144.jpg 300w, https:\/\/www.quiks.nl\/wp-content\/uploads\/2018\/07\/Quiks-Hedel-MatthijsFotografie-20180412-L-1248-2-e1531130527538-768x368.jpg 768w, https:\/\/www.quiks.nl\/wp-content\/uploads\/2018\/07\/Quiks-Hedel-MatthijsFotografie-20180412-L-1248-2-e1531130527538-50x24.jpg 50w, https:\/\/www.quiks.nl\/wp-content\/uploads\/2018\/07\/Quiks-Hedel-MatthijsFotografie-20180412-L-1248-2-e1531130527538-320x153.jpg 320w, https:\/\/www.quiks.nl\/wp-content\/uploads\/2018\/07\/Quiks-Hedel-MatthijsFotografie-20180412-L-1248-2-e1531130527538-544x261.jpg 544w, https:\/\/www.quiks.nl\/wp-content\/uploads\/2018\/07\/Quiks-Hedel-MatthijsFotografie-20180412-L-1248-2-e1531130527538-992x476.jpg 992w, https:\/\/www.quiks.nl\/wp-content\/uploads\/2018\/07\/Quiks-Hedel-MatthijsFotografie-20180412-L-1248-2-e1531130527538-1200x575.jpg 1200w, https:\/\/www.quiks.nl\/wp-content\/uploads\/2018\/07\/Quiks-Hedel-MatthijsFotografie-20180412-L-1248-2-e1531130527538-1440x691.jpg 1440w, https:\/\/www.quiks.nl\/wp-content\/uploads\/2018\/07\/Quiks-Hedel-MatthijsFotografie-20180412-L-1248-2-e1531130527538.jpg 1910w\" sizes=\"auto, (max-width: 1024px) 100vw, 1024px\" \/><\/p>\n","protected":false},"excerpt":{"rendered":"<p>Histoire Depuis plus de 85 ans, l&rsquo;entreprise familiale Quik&rsquo;s Quality Potatoes est un partenaire fiable pour les clients des secteurs de la vente au d\u00e9tail de produits alimentaires, de la restauration et de l&rsquo;industrie alimentaire. Chaque jour, nous fournissons une grande quantit\u00e9 de pommes de terre non transform\u00e9es et des produits et sp\u00e9cialit\u00e9s de pommes [&hellip;]<\/p>\n","protected":false},"author":2,"featured_media":0,"parent":4636,"menu_order":0,"comment_status":"closed","ping_status":"closed","template":"","meta":{"_acf_changed":false,"footnotes":""},"class_list":["post-4627","page","type-page","status-publish","hentry"],"acf":[],"yoast_head":"<!-- This site is optimized with the Yoast SEO plugin v27.5 - https:\/\/yoast.com\/product\/yoast-seo-wordpress\/ -->\n<title>Histoire - Quik&#039;s<\/title>\n<meta name=\"description\" content=\"Vanuit een rijke historie is familiebedrijf Quik\u2019s Quality Potatoes al meer dan 85 jaar een betrouwbare partner van klanten in retail, foodservice en food industry.\" \/>\n<meta name=\"robots\" content=\"index, follow, max-snippet:-1, max-image-preview:large, max-video-preview:-1\" \/>\n<link rel=\"canonical\" href=\"https:\/\/www.quiks.nl\/fr\/all-about-potatoes\/histoire\/\" \/>\n<meta property=\"og:locale\" content=\"fr_FR\" \/>\n<meta property=\"og:type\" content=\"article\" \/>\n<meta property=\"og:title\" content=\"Histoire - Quik&#039;s\" \/>\n<meta property=\"og:description\" content=\"Vanuit een rijke historie is familiebedrijf Quik\u2019s Quality Potatoes al meer dan 85 jaar een betrouwbare partner van klanten in retail, foodservice en food industry.\" \/>\n<meta property=\"og:url\" content=\"https:\/\/www.quiks.nl\/fr\/all-about-potatoes\/histoire\/\" \/>\n<meta property=\"og:site_name\" content=\"Quiks\" \/>\n<meta property=\"article:modified_time\" content=\"2018-10-26T07:58:11+00:00\" \/>\n<meta property=\"og:image\" content=\"https:\/\/www.quiks.nl\/wp-content\/uploads\/2018\/07\/Quiks-Hedel-MatthijsFotografie-20180412-L-1248-2-e1531130527538-1024x491.jpg\" \/>\n<meta name=\"twitter:card\" content=\"summary_large_image\" \/>\n<meta name=\"twitter:label1\" content=\"Dur\u00e9e de lecture estim\u00e9e\" \/>\n\t<meta name=\"twitter:data1\" content=\"1 minute\" \/>\n<script type=\"application\/ld+json\" class=\"yoast-schema-graph\">{\"@context\":\"https:\\\/\\\/schema.org\",\"@graph\":[{\"@type\":\"WebPage\",\"@id\":\"https:\\\/\\\/www.quiks.nl\\\/fr\\\/all-about-potatoes\\\/histoire\\\/\",\"url\":\"https:\\\/\\\/www.quiks.nl\\\/fr\\\/all-about-potatoes\\\/histoire\\\/\",\"name\":\"Histoire - Quik's\",\"isPartOf\":{\"@id\":\"https:\\\/\\\/www.quiks.nl\\\/fr\\\/#website\"},\"primaryImageOfPage\":{\"@id\":\"https:\\\/\\\/www.quiks.nl\\\/fr\\\/all-about-potatoes\\\/histoire\\\/#primaryimage\"},\"image\":{\"@id\":\"https:\\\/\\\/www.quiks.nl\\\/fr\\\/all-about-potatoes\\\/histoire\\\/#primaryimage\"},\"thumbnailUrl\":\"https:\\\/\\\/www.quiks.nl\\\/wp-content\\\/uploads\\\/2018\\\/07\\\/Quiks-Hedel-MatthijsFotografie-20180412-L-1248-2-e1531130527538-1024x491.jpg\",\"datePublished\":\"2018-06-04T12:29:29+00:00\",\"dateModified\":\"2018-10-26T07:58:11+00:00\",\"description\":\"Vanuit een rijke historie is familiebedrijf Quik\u2019s Quality Potatoes al meer dan 85 jaar een betrouwbare partner van klanten in retail, foodservice en food industry.\",\"breadcrumb\":{\"@id\":\"https:\\\/\\\/www.quiks.nl\\\/fr\\\/all-about-potatoes\\\/histoire\\\/#breadcrumb\"},\"inLanguage\":\"fr-FR\",\"potentialAction\":[{\"@type\":\"ReadAction\",\"target\":[\"https:\\\/\\\/www.quiks.nl\\\/fr\\\/all-about-potatoes\\\/histoire\\\/\"]}]},{\"@type\":\"ImageObject\",\"inLanguage\":\"fr-FR\",\"@id\":\"https:\\\/\\\/www.quiks.nl\\\/fr\\\/all-about-potatoes\\\/histoire\\\/#primaryimage\",\"url\":\"https:\\\/\\\/www.quiks.nl\\\/wp-content\\\/uploads\\\/2018\\\/07\\\/Quiks-Hedel-MatthijsFotografie-20180412-L-1248-2-e1531130527538-1024x491.jpg\",\"contentUrl\":\"https:\\\/\\\/www.quiks.nl\\\/wp-content\\\/uploads\\\/2018\\\/07\\\/Quiks-Hedel-MatthijsFotografie-20180412-L-1248-2-e1531130527538-1024x491.jpg\"},{\"@type\":\"BreadcrumbList\",\"@id\":\"https:\\\/\\\/www.quiks.nl\\\/fr\\\/all-about-potatoes\\\/histoire\\\/#breadcrumb\",\"itemListElement\":[{\"@type\":\"ListItem\",\"position\":1,\"name\":\"Home\",\"item\":\"https:\\\/\\\/www.quiks.nl\\\/fr\\\/\"},{\"@type\":\"ListItem\",\"position\":2,\"name\":\"All about potatoes\",\"item\":\"https:\\\/\\\/www.quiks.nl\\\/fr\\\/all-about-potatoes\\\/\"},{\"@type\":\"ListItem\",\"position\":3,\"name\":\"Histoire\"}]},{\"@type\":\"WebSite\",\"@id\":\"https:\\\/\\\/www.quiks.nl\\\/fr\\\/#website\",\"url\":\"https:\\\/\\\/www.quiks.nl\\\/fr\\\/\",\"name\":\"Quiks\",\"description\":\"Quik&#039;s Quality Potatoes\",\"potentialAction\":[{\"@type\":\"SearchAction\",\"target\":{\"@type\":\"EntryPoint\",\"urlTemplate\":\"https:\\\/\\\/www.quiks.nl\\\/fr\\\/?s={search_term_string}\"},\"query-input\":{\"@type\":\"PropertyValueSpecification\",\"valueRequired\":true,\"valueName\":\"search_term_string\"}}],\"inLanguage\":\"fr-FR\"}]}<\/script>\n<!-- \/ Yoast SEO plugin. -->","yoast_head_json":{"title":"Histoire - Quik's","description":"Vanuit een rijke historie is familiebedrijf Quik\u2019s Quality Potatoes al meer dan 85 jaar een betrouwbare partner van klanten in retail, foodservice en food industry.","robots":{"index":"index","follow":"follow","max-snippet":"max-snippet:-1","max-image-preview":"max-image-preview:large","max-video-preview":"max-video-preview:-1"},"canonical":"https:\/\/www.quiks.nl\/fr\/all-about-potatoes\/histoire\/","og_locale":"fr_FR","og_type":"article","og_title":"Histoire - Quik's","og_description":"Vanuit een rijke historie is familiebedrijf Quik\u2019s Quality Potatoes al meer dan 85 jaar een betrouwbare partner van klanten in retail, foodservice en food industry.","og_url":"https:\/\/www.quiks.nl\/fr\/all-about-potatoes\/histoire\/","og_site_name":"Quiks","article_modified_time":"2018-10-26T07:58:11+00:00","og_image":[{"url":"https:\/\/www.quiks.nl\/wp-content\/uploads\/2018\/07\/Quiks-Hedel-MatthijsFotografie-20180412-L-1248-2-e1531130527538-1024x491.jpg","type":"","width":"","height":""}],"twitter_card":"summary_large_image","twitter_misc":{"Dur\u00e9e de lecture estim\u00e9e":"1 minute"},"schema":{"@context":"https:\/\/schema.org","@graph":[{"@type":"WebPage","@id":"https:\/\/www.quiks.nl\/fr\/all-about-potatoes\/histoire\/","url":"https:\/\/www.quiks.nl\/fr\/all-about-potatoes\/histoire\/","name":"Histoire - Quik's","isPartOf":{"@id":"https:\/\/www.quiks.nl\/fr\/#website"},"primaryImageOfPage":{"@id":"https:\/\/www.quiks.nl\/fr\/all-about-potatoes\/histoire\/#primaryimage"},"image":{"@id":"https:\/\/www.quiks.nl\/fr\/all-about-potatoes\/histoire\/#primaryimage"},"thumbnailUrl":"https:\/\/www.quiks.nl\/wp-content\/uploads\/2018\/07\/Quiks-Hedel-MatthijsFotografie-20180412-L-1248-2-e1531130527538-1024x491.jpg","datePublished":"2018-06-04T12:29:29+00:00","dateModified":"2018-10-26T07:58:11+00:00","description":"Vanuit een rijke historie is familiebedrijf Quik\u2019s Quality Potatoes al meer dan 85 jaar een betrouwbare partner van klanten in retail, foodservice en food industry.","breadcrumb":{"@id":"https:\/\/www.quiks.nl\/fr\/all-about-potatoes\/histoire\/#breadcrumb"},"inLanguage":"fr-FR","potentialAction":[{"@type":"ReadAction","target":["https:\/\/www.quiks.nl\/fr\/all-about-potatoes\/histoire\/"]}]},{"@type":"ImageObject","inLanguage":"fr-FR","@id":"https:\/\/www.quiks.nl\/fr\/all-about-potatoes\/histoire\/#primaryimage","url":"https:\/\/www.quiks.nl\/wp-content\/uploads\/2018\/07\/Quiks-Hedel-MatthijsFotografie-20180412-L-1248-2-e1531130527538-1024x491.jpg","contentUrl":"https:\/\/www.quiks.nl\/wp-content\/uploads\/2018\/07\/Quiks-Hedel-MatthijsFotografie-20180412-L-1248-2-e1531130527538-1024x491.jpg"},{"@type":"BreadcrumbList","@id":"https:\/\/www.quiks.nl\/fr\/all-about-potatoes\/histoire\/#breadcrumb","itemListElement":[{"@type":"ListItem","position":1,"name":"Home","item":"https:\/\/www.quiks.nl\/fr\/"},{"@type":"ListItem","position":2,"name":"All about potatoes","item":"https:\/\/www.quiks.nl\/fr\/all-about-potatoes\/"},{"@type":"ListItem","position":3,"name":"Histoire"}]},{"@type":"WebSite","@id":"https:\/\/www.quiks.nl\/fr\/#website","url":"https:\/\/www.quiks.nl\/fr\/","name":"Quiks","description":"Quik&#039;s Quality Potatoes","potentialAction":[{"@type":"SearchAction","target":{"@type":"EntryPoint","urlTemplate":"https:\/\/www.quiks.nl\/fr\/?s={search_term_string}"},"query-input":{"@type":"PropertyValueSpecification","valueRequired":true,"valueName":"search_term_string"}}],"inLanguage":"fr-FR"}]}},"_links":{"self":[{"href":"https:\/\/www.quiks.nl\/fr\/wp-json\/wp\/v2\/pages\/4627","targetHints":{"allow":["GET"]}}],"collection":[{"href":"https:\/\/www.quiks.nl\/fr\/wp-json\/wp\/v2\/pages"}],"about":[{"href":"https:\/\/www.quiks.nl\/fr\/wp-json\/wp\/v2\/types\/page"}],"author":[{"embeddable":true,"href":"https:\/\/www.quiks.nl\/fr\/wp-json\/wp\/v2\/users\/2"}],"replies":[{"embeddable":true,"href":"https:\/\/www.quiks.nl\/fr\/wp-json\/wp\/v2\/comments?post=4627"}],"version-history":[{"count":0,"href":"https:\/\/www.quiks.nl\/fr\/wp-json\/wp\/v2\/pages\/4627\/revisions"}],"up":[{"embeddable":true,"href":"https:\/\/www.quiks.nl\/fr\/wp-json\/wp\/v2\/pages\/4636"}],"wp:attachment":[{"href":"https:\/\/www.quiks.nl\/fr\/wp-json\/wp\/v2\/media?parent=4627"}],"curies":[{"name":"wp","href":"https:\/\/api.w.org\/{rel}","templated":true}]}}