{"id":4572,"date":"2018-05-14T11:34:34","date_gmt":"2018-05-14T09:34:34","guid":{"rendered":"https:\/\/www.quiks.nl\/all-about-potatoes\/"},"modified":"2021-01-28T09:10:45","modified_gmt":"2021-01-28T07:10:45","slug":"all-about-potatoes","status":"publish","type":"page","link":"https:\/\/www.quiks.nl\/de\/all-about-potatoes\/","title":{"rendered":"All about potatoes"},"content":{"rendered":"<p><strong>Quik&#8217;s Quality Potatoes: ALL ABOUT POTATOES<\/strong><\/p>\n<p>Seit \u00fcber 85 Jahren setzen wir uns bei Quik&#8217;s f\u00fcr Variation, konstante Qualit\u00e4t und Zuverl\u00e4ssigkeit ein. T\u00e4glich beliefern wir unsere Kunden aus dem Einzelhandel, Food Service und der Lebensmittelindustrie mit einem breiten Sortiment unverarbeiteter Kartoffeln, gek\u00fchlten Kartoffelprodukten und Spezialit\u00e4ten. Gemeinsam mit unseren Mitarbeitern gew\u00e4hrleisten wir, dass die Verbraucher im In- und Ausland jeden Tag schmackhafte Kartoffeln auf dem Tisch haben. Dabei haben wir ein gemeinsames Motto: &#8222;ALL ABOUT POTATOES!\u201c<\/p>\n","protected":false},"excerpt":{"rendered":"<p>Quik&#8217;s Quality Potatoes: ALL ABOUT POTATOES Seit \u00fcber 85 Jahren setzen wir uns bei Quik&#8217;s f\u00fcr Variation, konstante Qualit\u00e4t und Zuverl\u00e4ssigkeit ein. T\u00e4glich beliefern wir unsere Kunden aus dem Einzelhandel, Food Service und der Lebensmittelindustrie mit einem breiten Sortiment unverarbeiteter Kartoffeln, gek\u00fchlten Kartoffelprodukten und Spezialit\u00e4ten. Gemeinsam mit unseren Mitarbeitern gew\u00e4hrleisten wir, dass die Verbraucher im [&hellip;]<\/p>\n","protected":false},"author":1,"featured_media":0,"parent":0,"menu_order":0,"comment_status":"closed","ping_status":"closed","template":"","meta":{"_acf_changed":false,"footnotes":""},"class_list":["post-4572","page","type-page","status-publish","hentry"],"acf":[],"yoast_head":"<!-- This site is optimized with the Yoast SEO plugin v27.4 - https:\/\/yoast.com\/product\/yoast-seo-wordpress\/ -->\n<title>All about potatoes - Quik&#039;s<\/title>\n<meta name=\"description\" content=\"Vanuit \u00e9\u00e9n gezamenlijke drijfveer: All about potatoes, leveren we dagelijks tal van onbewerkte aardappelen en koelverse aardappelproducten.\" \/>\n<meta name=\"robots\" content=\"index, follow, max-snippet:-1, max-image-preview:large, max-video-preview:-1\" \/>\n<link rel=\"canonical\" href=\"https:\/\/www.quiks.nl\/de\/all-about-potatoes\/\" \/>\n<meta property=\"og:locale\" content=\"de_DE\" \/>\n<meta property=\"og:type\" content=\"article\" \/>\n<meta property=\"og:title\" content=\"All about potatoes - Quik&#039;s\" \/>\n<meta property=\"og:description\" content=\"Vanuit \u00e9\u00e9n gezamenlijke drijfveer: All about potatoes, leveren we dagelijks tal van onbewerkte aardappelen en koelverse aardappelproducten.\" \/>\n<meta property=\"og:url\" content=\"https:\/\/www.quiks.nl\/de\/all-about-potatoes\/\" \/>\n<meta property=\"og:site_name\" content=\"Quiks\" \/>\n<meta property=\"article:modified_time\" content=\"2021-01-28T07:10:45+00:00\" \/>\n<meta name=\"twitter:card\" content=\"summary_large_image\" \/>\n<script type=\"application\/ld+json\" class=\"yoast-schema-graph\">{\"@context\":\"https:\\\/\\\/schema.org\",\"@graph\":[{\"@type\":\"WebPage\",\"@id\":\"https:\\\/\\\/www.quiks.nl\\\/de\\\/all-about-potatoes\\\/\",\"url\":\"https:\\\/\\\/www.quiks.nl\\\/de\\\/all-about-potatoes\\\/\",\"name\":\"All about potatoes - Quik's\",\"isPartOf\":{\"@id\":\"https:\\\/\\\/www.quiks.nl\\\/de\\\/#website\"},\"datePublished\":\"2018-05-14T09:34:34+00:00\",\"dateModified\":\"2021-01-28T07:10:45+00:00\",\"description\":\"Vanuit \u00e9\u00e9n gezamenlijke drijfveer: All about potatoes, leveren we dagelijks tal van onbewerkte aardappelen en koelverse aardappelproducten.\",\"breadcrumb\":{\"@id\":\"https:\\\/\\\/www.quiks.nl\\\/de\\\/all-about-potatoes\\\/#breadcrumb\"},\"inLanguage\":\"de\",\"potentialAction\":[{\"@type\":\"ReadAction\",\"target\":[\"https:\\\/\\\/www.quiks.nl\\\/de\\\/all-about-potatoes\\\/\"]}]},{\"@type\":\"BreadcrumbList\",\"@id\":\"https:\\\/\\\/www.quiks.nl\\\/de\\\/all-about-potatoes\\\/#breadcrumb\",\"itemListElement\":[{\"@type\":\"ListItem\",\"position\":1,\"name\":\"Home\",\"item\":\"https:\\\/\\\/www.quiks.nl\\\/de\\\/\"},{\"@type\":\"ListItem\",\"position\":2,\"name\":\"All about potatoes\"}]},{\"@type\":\"WebSite\",\"@id\":\"https:\\\/\\\/www.quiks.nl\\\/de\\\/#website\",\"url\":\"https:\\\/\\\/www.quiks.nl\\\/de\\\/\",\"name\":\"Quiks\",\"description\":\"Quik&#039;s Quality Potatoes\",\"potentialAction\":[{\"@type\":\"SearchAction\",\"target\":{\"@type\":\"EntryPoint\",\"urlTemplate\":\"https:\\\/\\\/www.quiks.nl\\\/de\\\/?s={search_term_string}\"},\"query-input\":{\"@type\":\"PropertyValueSpecification\",\"valueRequired\":true,\"valueName\":\"search_term_string\"}}],\"inLanguage\":\"de\"}]}<\/script>\n<!-- \/ Yoast SEO plugin. -->","yoast_head_json":{"title":"All about potatoes - Quik's","description":"Vanuit \u00e9\u00e9n gezamenlijke drijfveer: All about potatoes, leveren we dagelijks tal van onbewerkte aardappelen en koelverse aardappelproducten.","robots":{"index":"index","follow":"follow","max-snippet":"max-snippet:-1","max-image-preview":"max-image-preview:large","max-video-preview":"max-video-preview:-1"},"canonical":"https:\/\/www.quiks.nl\/de\/all-about-potatoes\/","og_locale":"de_DE","og_type":"article","og_title":"All about potatoes - Quik's","og_description":"Vanuit \u00e9\u00e9n gezamenlijke drijfveer: All about potatoes, leveren we dagelijks tal van onbewerkte aardappelen en koelverse aardappelproducten.","og_url":"https:\/\/www.quiks.nl\/de\/all-about-potatoes\/","og_site_name":"Quiks","article_modified_time":"2021-01-28T07:10:45+00:00","twitter_card":"summary_large_image","schema":{"@context":"https:\/\/schema.org","@graph":[{"@type":"WebPage","@id":"https:\/\/www.quiks.nl\/de\/all-about-potatoes\/","url":"https:\/\/www.quiks.nl\/de\/all-about-potatoes\/","name":"All about potatoes - Quik's","isPartOf":{"@id":"https:\/\/www.quiks.nl\/de\/#website"},"datePublished":"2018-05-14T09:34:34+00:00","dateModified":"2021-01-28T07:10:45+00:00","description":"Vanuit \u00e9\u00e9n gezamenlijke drijfveer: All about potatoes, leveren we dagelijks tal van onbewerkte aardappelen en koelverse aardappelproducten.","breadcrumb":{"@id":"https:\/\/www.quiks.nl\/de\/all-about-potatoes\/#breadcrumb"},"inLanguage":"de","potentialAction":[{"@type":"ReadAction","target":["https:\/\/www.quiks.nl\/de\/all-about-potatoes\/"]}]},{"@type":"BreadcrumbList","@id":"https:\/\/www.quiks.nl\/de\/all-about-potatoes\/#breadcrumb","itemListElement":[{"@type":"ListItem","position":1,"name":"Home","item":"https:\/\/www.quiks.nl\/de\/"},{"@type":"ListItem","position":2,"name":"All about potatoes"}]},{"@type":"WebSite","@id":"https:\/\/www.quiks.nl\/de\/#website","url":"https:\/\/www.quiks.nl\/de\/","name":"Quiks","description":"Quik&#039;s Quality Potatoes","potentialAction":[{"@type":"SearchAction","target":{"@type":"EntryPoint","urlTemplate":"https:\/\/www.quiks.nl\/de\/?s={search_term_string}"},"query-input":{"@type":"PropertyValueSpecification","valueRequired":true,"valueName":"search_term_string"}}],"inLanguage":"de"}]}},"_links":{"self":[{"href":"https:\/\/www.quiks.nl\/de\/wp-json\/wp\/v2\/pages\/4572","targetHints":{"allow":["GET"]}}],"collection":[{"href":"https:\/\/www.quiks.nl\/de\/wp-json\/wp\/v2\/pages"}],"about":[{"href":"https:\/\/www.quiks.nl\/de\/wp-json\/wp\/v2\/types\/page"}],"author":[{"embeddable":true,"href":"https:\/\/www.quiks.nl\/de\/wp-json\/wp\/v2\/users\/1"}],"replies":[{"embeddable":true,"href":"https:\/\/www.quiks.nl\/de\/wp-json\/wp\/v2\/comments?post=4572"}],"version-history":[{"count":0,"href":"https:\/\/www.quiks.nl\/de\/wp-json\/wp\/v2\/pages\/4572\/revisions"}],"wp:attachment":[{"href":"https:\/\/www.quiks.nl\/de\/wp-json\/wp\/v2\/media?parent=4572"}],"curies":[{"name":"wp","href":"https:\/\/api.w.org\/{rel}","templated":true}]}}