{"id":4541,"date":"2018-06-04T14:30:22","date_gmt":"2018-06-04T12:30:22","guid":{"rendered":"https:\/\/www.quiks.nl\/private-label\/"},"modified":"2018-10-26T10:05:38","modified_gmt":"2018-10-26T08:05:38","slug":"private-label","status":"publish","type":"page","link":"https:\/\/www.quiks.nl\/de\/all-about-potatoes\/private-label\/","title":{"rendered":"Private Label"},"content":{"rendered":"<h1><strong>Private Label<\/strong><\/h1>\n<p>Quik&#8217;s ist der Partner, wenn es um Private Label-L\u00f6sungen geht. Profitabilit\u00e4t, Unverwechselbarkeit, aber auch Qualit\u00e4t und Zuverl\u00e4ssigkeit spielen f\u00fcr uns eine gro\u00dfe Rolle. In dieser Hinsicht sind wir uns sehr bewusst, was f\u00fcr Einzelh\u00e4ndler wichtig ist. Wir pr\u00e4sentieren st\u00e4ndig Innovationen, damit der Einzelh\u00e4ndler seine Kunden immer wieder \u00fcberraschen kann und sie zu ihm zur\u00fcckkehren. Bei Quik&#8217;s stehen Ihnen umfangreiche M\u00f6glichkeiten bei der Verpackung, den Rezepturen und der Zusammensetzung zur Verf\u00fcgung.<\/p>\n<p>&nbsp;<\/p>\n<p><img loading=\"lazy\" decoding=\"async\" class=\"aligncenter size-large wp-image-1159\" src=\"https:\/\/www.quiks.nl\/wp-content\/uploads\/2018\/06\/Hasselbacks-1024x682.jpg\" alt=\"\" width=\"1024\" height=\"682\" srcset=\"https:\/\/www.quiks.nl\/wp-content\/uploads\/2018\/06\/Hasselbacks-1024x682.jpg 1024w, https:\/\/www.quiks.nl\/wp-content\/uploads\/2018\/06\/Hasselbacks-300x200.jpg 300w, https:\/\/www.quiks.nl\/wp-content\/uploads\/2018\/06\/Hasselbacks-768x512.jpg 768w, https:\/\/www.quiks.nl\/wp-content\/uploads\/2018\/06\/Hasselbacks-50x33.jpg 50w, https:\/\/www.quiks.nl\/wp-content\/uploads\/2018\/06\/Hasselbacks-320x213.jpg 320w, https:\/\/www.quiks.nl\/wp-content\/uploads\/2018\/06\/Hasselbacks-544x363.jpg 544w, https:\/\/www.quiks.nl\/wp-content\/uploads\/2018\/06\/Hasselbacks-992x661.jpg 992w, https:\/\/www.quiks.nl\/wp-content\/uploads\/2018\/06\/Hasselbacks-1200x800.jpg 1200w, https:\/\/www.quiks.nl\/wp-content\/uploads\/2018\/06\/Hasselbacks-1440x960.jpg 1440w, https:\/\/www.quiks.nl\/wp-content\/uploads\/2018\/06\/Hasselbacks.jpg 1920w\" sizes=\"auto, (max-width: 1024px) 100vw, 1024px\" \/><\/p>\n","protected":false},"excerpt":{"rendered":"<p>Private Label Quik&#8217;s ist der Partner, wenn es um Private Label-L\u00f6sungen geht. Profitabilit\u00e4t, Unverwechselbarkeit, aber auch Qualit\u00e4t und Zuverl\u00e4ssigkeit spielen f\u00fcr uns eine gro\u00dfe Rolle. In dieser Hinsicht sind wir uns sehr bewusst, was f\u00fcr Einzelh\u00e4ndler wichtig ist. Wir pr\u00e4sentieren st\u00e4ndig Innovationen, damit der Einzelh\u00e4ndler seine Kunden immer wieder \u00fcberraschen kann und sie zu ihm [&hellip;]<\/p>\n","protected":false},"author":2,"featured_media":0,"parent":4572,"menu_order":4,"comment_status":"closed","ping_status":"closed","template":"","meta":{"_acf_changed":false,"footnotes":""},"class_list":["post-4541","page","type-page","status-publish","hentry"],"acf":[],"yoast_head":"<!-- This site is optimized with the Yoast SEO plugin v27.6 - https:\/\/yoast.com\/product\/yoast-seo-wordpress\/ -->\n<title>Private Label - Quik&#039;s<\/title>\n<meta name=\"description\" content=\"Quik\u2019s is d\u00e9 partner als het gaat om oplossingen in private label. Met Quik\u2019s heeft u uitgebreide mogelijkheden in verpakkingen, recepturen en samenstellingen.\" \/>\n<meta name=\"robots\" content=\"index, follow, max-snippet:-1, max-image-preview:large, max-video-preview:-1\" \/>\n<link rel=\"canonical\" href=\"https:\/\/www.quiks.nl\/de\/all-about-potatoes\/private-label\/\" \/>\n<meta property=\"og:locale\" content=\"de_DE\" \/>\n<meta property=\"og:type\" content=\"article\" \/>\n<meta property=\"og:title\" content=\"Private Label - Quik&#039;s\" \/>\n<meta property=\"og:description\" content=\"Quik\u2019s is d\u00e9 partner als het gaat om oplossingen in private label. Met Quik\u2019s heeft u uitgebreide mogelijkheden in verpakkingen, recepturen en samenstellingen.\" \/>\n<meta property=\"og:url\" content=\"https:\/\/www.quiks.nl\/de\/all-about-potatoes\/private-label\/\" \/>\n<meta property=\"og:site_name\" content=\"Quiks\" \/>\n<meta property=\"article:modified_time\" content=\"2018-10-26T08:05:38+00:00\" \/>\n<meta property=\"og:image\" content=\"https:\/\/www.quiks.nl\/wp-content\/uploads\/2018\/06\/Hasselbacks-1024x682.jpg\" \/>\n<meta name=\"twitter:card\" content=\"summary_large_image\" \/>\n<script type=\"application\/ld+json\" class=\"yoast-schema-graph\">{\"@context\":\"https:\\\/\\\/schema.org\",\"@graph\":[{\"@type\":\"WebPage\",\"@id\":\"https:\\\/\\\/www.quiks.nl\\\/de\\\/all-about-potatoes\\\/private-label\\\/\",\"url\":\"https:\\\/\\\/www.quiks.nl\\\/de\\\/all-about-potatoes\\\/private-label\\\/\",\"name\":\"Private Label - Quik's\",\"isPartOf\":{\"@id\":\"https:\\\/\\\/www.quiks.nl\\\/de\\\/#website\"},\"primaryImageOfPage\":{\"@id\":\"https:\\\/\\\/www.quiks.nl\\\/de\\\/all-about-potatoes\\\/private-label\\\/#primaryimage\"},\"image\":{\"@id\":\"https:\\\/\\\/www.quiks.nl\\\/de\\\/all-about-potatoes\\\/private-label\\\/#primaryimage\"},\"thumbnailUrl\":\"https:\\\/\\\/www.quiks.nl\\\/wp-content\\\/uploads\\\/2018\\\/06\\\/Hasselbacks-1024x682.jpg\",\"datePublished\":\"2018-06-04T12:30:22+00:00\",\"dateModified\":\"2018-10-26T08:05:38+00:00\",\"description\":\"Quik\u2019s is d\u00e9 partner als het gaat om oplossingen in private label. Met Quik\u2019s heeft u uitgebreide mogelijkheden in verpakkingen, recepturen en samenstellingen.\",\"breadcrumb\":{\"@id\":\"https:\\\/\\\/www.quiks.nl\\\/de\\\/all-about-potatoes\\\/private-label\\\/#breadcrumb\"},\"inLanguage\":\"de\",\"potentialAction\":[{\"@type\":\"ReadAction\",\"target\":[\"https:\\\/\\\/www.quiks.nl\\\/de\\\/all-about-potatoes\\\/private-label\\\/\"]}]},{\"@type\":\"ImageObject\",\"inLanguage\":\"de\",\"@id\":\"https:\\\/\\\/www.quiks.nl\\\/de\\\/all-about-potatoes\\\/private-label\\\/#primaryimage\",\"url\":\"https:\\\/\\\/www.quiks.nl\\\/wp-content\\\/uploads\\\/2018\\\/06\\\/Hasselbacks-1024x682.jpg\",\"contentUrl\":\"https:\\\/\\\/www.quiks.nl\\\/wp-content\\\/uploads\\\/2018\\\/06\\\/Hasselbacks-1024x682.jpg\"},{\"@type\":\"BreadcrumbList\",\"@id\":\"https:\\\/\\\/www.quiks.nl\\\/de\\\/all-about-potatoes\\\/private-label\\\/#breadcrumb\",\"itemListElement\":[{\"@type\":\"ListItem\",\"position\":1,\"name\":\"Home\",\"item\":\"https:\\\/\\\/www.quiks.nl\\\/de\\\/\"},{\"@type\":\"ListItem\",\"position\":2,\"name\":\"All about potatoes\",\"item\":\"https:\\\/\\\/www.quiks.nl\\\/de\\\/all-about-potatoes\\\/\"},{\"@type\":\"ListItem\",\"position\":3,\"name\":\"Private Label\"}]},{\"@type\":\"WebSite\",\"@id\":\"https:\\\/\\\/www.quiks.nl\\\/de\\\/#website\",\"url\":\"https:\\\/\\\/www.quiks.nl\\\/de\\\/\",\"name\":\"Quiks\",\"description\":\"Quik&#039;s Quality Potatoes\",\"potentialAction\":[{\"@type\":\"SearchAction\",\"target\":{\"@type\":\"EntryPoint\",\"urlTemplate\":\"https:\\\/\\\/www.quiks.nl\\\/de\\\/?s={search_term_string}\"},\"query-input\":{\"@type\":\"PropertyValueSpecification\",\"valueRequired\":true,\"valueName\":\"search_term_string\"}}],\"inLanguage\":\"de\"}]}<\/script>\n<!-- \/ Yoast SEO plugin. -->","yoast_head_json":{"title":"Private Label - Quik's","description":"Quik\u2019s is d\u00e9 partner als het gaat om oplossingen in private label. Met Quik\u2019s heeft u uitgebreide mogelijkheden in verpakkingen, recepturen en samenstellingen.","robots":{"index":"index","follow":"follow","max-snippet":"max-snippet:-1","max-image-preview":"max-image-preview:large","max-video-preview":"max-video-preview:-1"},"canonical":"https:\/\/www.quiks.nl\/de\/all-about-potatoes\/private-label\/","og_locale":"de_DE","og_type":"article","og_title":"Private Label - Quik's","og_description":"Quik\u2019s is d\u00e9 partner als het gaat om oplossingen in private label. Met Quik\u2019s heeft u uitgebreide mogelijkheden in verpakkingen, recepturen en samenstellingen.","og_url":"https:\/\/www.quiks.nl\/de\/all-about-potatoes\/private-label\/","og_site_name":"Quiks","article_modified_time":"2018-10-26T08:05:38+00:00","og_image":[{"url":"https:\/\/www.quiks.nl\/wp-content\/uploads\/2018\/06\/Hasselbacks-1024x682.jpg","type":"","width":"","height":""}],"twitter_card":"summary_large_image","schema":{"@context":"https:\/\/schema.org","@graph":[{"@type":"WebPage","@id":"https:\/\/www.quiks.nl\/de\/all-about-potatoes\/private-label\/","url":"https:\/\/www.quiks.nl\/de\/all-about-potatoes\/private-label\/","name":"Private Label - Quik's","isPartOf":{"@id":"https:\/\/www.quiks.nl\/de\/#website"},"primaryImageOfPage":{"@id":"https:\/\/www.quiks.nl\/de\/all-about-potatoes\/private-label\/#primaryimage"},"image":{"@id":"https:\/\/www.quiks.nl\/de\/all-about-potatoes\/private-label\/#primaryimage"},"thumbnailUrl":"https:\/\/www.quiks.nl\/wp-content\/uploads\/2018\/06\/Hasselbacks-1024x682.jpg","datePublished":"2018-06-04T12:30:22+00:00","dateModified":"2018-10-26T08:05:38+00:00","description":"Quik\u2019s is d\u00e9 partner als het gaat om oplossingen in private label. Met Quik\u2019s heeft u uitgebreide mogelijkheden in verpakkingen, recepturen en samenstellingen.","breadcrumb":{"@id":"https:\/\/www.quiks.nl\/de\/all-about-potatoes\/private-label\/#breadcrumb"},"inLanguage":"de","potentialAction":[{"@type":"ReadAction","target":["https:\/\/www.quiks.nl\/de\/all-about-potatoes\/private-label\/"]}]},{"@type":"ImageObject","inLanguage":"de","@id":"https:\/\/www.quiks.nl\/de\/all-about-potatoes\/private-label\/#primaryimage","url":"https:\/\/www.quiks.nl\/wp-content\/uploads\/2018\/06\/Hasselbacks-1024x682.jpg","contentUrl":"https:\/\/www.quiks.nl\/wp-content\/uploads\/2018\/06\/Hasselbacks-1024x682.jpg"},{"@type":"BreadcrumbList","@id":"https:\/\/www.quiks.nl\/de\/all-about-potatoes\/private-label\/#breadcrumb","itemListElement":[{"@type":"ListItem","position":1,"name":"Home","item":"https:\/\/www.quiks.nl\/de\/"},{"@type":"ListItem","position":2,"name":"All about potatoes","item":"https:\/\/www.quiks.nl\/de\/all-about-potatoes\/"},{"@type":"ListItem","position":3,"name":"Private Label"}]},{"@type":"WebSite","@id":"https:\/\/www.quiks.nl\/de\/#website","url":"https:\/\/www.quiks.nl\/de\/","name":"Quiks","description":"Quik&#039;s Quality Potatoes","potentialAction":[{"@type":"SearchAction","target":{"@type":"EntryPoint","urlTemplate":"https:\/\/www.quiks.nl\/de\/?s={search_term_string}"},"query-input":{"@type":"PropertyValueSpecification","valueRequired":true,"valueName":"search_term_string"}}],"inLanguage":"de"}]}},"_links":{"self":[{"href":"https:\/\/www.quiks.nl\/de\/wp-json\/wp\/v2\/pages\/4541","targetHints":{"allow":["GET"]}}],"collection":[{"href":"https:\/\/www.quiks.nl\/de\/wp-json\/wp\/v2\/pages"}],"about":[{"href":"https:\/\/www.quiks.nl\/de\/wp-json\/wp\/v2\/types\/page"}],"author":[{"embeddable":true,"href":"https:\/\/www.quiks.nl\/de\/wp-json\/wp\/v2\/users\/2"}],"replies":[{"embeddable":true,"href":"https:\/\/www.quiks.nl\/de\/wp-json\/wp\/v2\/comments?post=4541"}],"version-history":[{"count":0,"href":"https:\/\/www.quiks.nl\/de\/wp-json\/wp\/v2\/pages\/4541\/revisions"}],"up":[{"embeddable":true,"href":"https:\/\/www.quiks.nl\/de\/wp-json\/wp\/v2\/pages\/4572"}],"wp:attachment":[{"href":"https:\/\/www.quiks.nl\/de\/wp-json\/wp\/v2\/media?parent=4541"}],"curies":[{"name":"wp","href":"https:\/\/api.w.org\/{rel}","templated":true}]}}